{"id":27,"date":"2024-03-05T03:17:56","date_gmt":"2024-03-05T03:17:56","guid":{"rendered":"https:\/\/demo.bravisthemes.com\/americ\/?page_id=27"},"modified":"2025-03-18T14:52:44","modified_gmt":"2025-03-18T14:52:44","slug":"contactos-power-up","status":"publish","type":"page","link":"https:\/\/power-up.pt\/en\/contactos-power-up\/","title":{"rendered":"Contacts"},"content":{"rendered":"<div data-elementor-type=\"wp-page\" data-elementor-id=\"27\" class=\"elementor elementor-27\">\n\t\t\t\t        <section class=\"elementor-section elementor-top-section elementor-element elementor-element-650d0c0 elementor-section-stretched elementor-section-boxed elementor-section-height-default elementor-section-height-default pxl-row-scroll-none pxl-bg-color-none pxl-section-overlay-none\" data-id=\"650d0c0\" data-element_type=\"section\" data-settings=\"{&quot;stretch_section&quot;:&quot;section-stretched&quot;}\">\n\n                \n                <div class=\"elementor-container elementor-column-gap-extended\">\n                <div class=\"elementor-column elementor-col-100 elementor-top-column elementor-element elementor-element-01743d2 pxl-column-none pxl-column-overflow-hidden-no\" data-id=\"01743d2\" data-element_type=\"column\">\r\n        <div class=\"elementor-widget-wrap elementor-element-populated\">\r\n                     \r\n        \t\t<div class=\"elementor-element elementor-element-4e99d5e elementor-widget elementor-widget-pxl_meta_carousel\" data-id=\"4e99d5e\" data-element_type=\"widget\" data-widget_type=\"pxl_meta_carousel.default\">\n\t\t\t\t<div class=\"elementor-widget-container\">\n\t\t\t\t\t    <div class=\"pxl-swiper-sliders pxl-meta-carousel pxl-meta-carousel1 pxl-meta-layout1 pxl-meta-style1\" data-cursor-drap=\"DRAG\">\n        <div class=\"pxl-carousel-inner\">\n            <div class=\"pxl-swiper-container\" dir=\"ltr\" data-settings=\"{&quot;slide_direction&quot;:&quot;horizontal&quot;,&quot;slide_percolumn&quot;:&quot;1&quot;,&quot;slide_mode&quot;:&quot;slide&quot;,&quot;slides_to_show&quot;:&quot;2&quot;,&quot;slides_to_show_xxl&quot;:&quot;2&quot;,&quot;slides_to_show_lg&quot;:&quot;2&quot;,&quot;slides_to_show_md&quot;:&quot;2&quot;,&quot;slides_to_show_sm&quot;:&quot;2&quot;,&quot;slides_to_show_xs&quot;:&quot;1&quot;,&quot;slides_to_scroll&quot;:&quot;2&quot;,&quot;arrow&quot;:&quot;false&quot;,&quot;pagination&quot;:&quot;false&quot;,&quot;pagination_type&quot;:&quot;bullets&quot;,&quot;autoplay&quot;:&quot;&quot;,&quot;pause_on_hover&quot;:&quot;&quot;,&quot;pause_on_interaction&quot;:&quot;true&quot;,&quot;delay&quot;:5000,&quot;loop&quot;:&quot;true&quot;,&quot;speed&quot;:500}\">\n                <div class=\"pxl-swiper-wrapper\">\n                                            <div class=\"pxl-swiper-slide\">\n                            <div class=\"pxl-item--inner\" data-wow-delay=\"ms\">\n                                                                    <div class=\"pxl-item--image\">\n                                        <img decoding=\"async\" class=\"no-lazyload\" src=\"https:\/\/power-up.pt\/wp-content\/uploads\/2025\/03\/email-1.png\" width=\"70\" height=\"70\" alt=\"email\" title=\"email\" \/>                                    <\/div>\n                                                                <div class=\"pxl-item-content\">\n                                    <h3 class=\"pxl-item--title\">    \n                                        E-mail                                    <\/h3>\n                                    <div class=\"pxl-item--position\">\n                                        <a href=\"mailto:hello@power-up.pt\">\n                                            hello@power-up.pt                                        <\/a>\n                                    <\/div>\n                                <\/div>\n                            <\/div>\n                        <\/div>\n                                            <div class=\"pxl-swiper-slide\">\n                            <div class=\"pxl-item--inner\" data-wow-delay=\"ms\">\n                                                                    <div class=\"pxl-item--image\">\n                                        <img decoding=\"async\" class=\"no-lazyload\" src=\"https:\/\/power-up.pt\/wp-content\/uploads\/2025\/03\/Telefone-1.png\" width=\"70\" height=\"70\" alt=\"Telefone\" title=\"Phone\" \/>                                    <\/div>\n                                                                <div class=\"pxl-item-content\">\n                                    <h3 class=\"pxl-item--title\">    \n                                        Phone                                    <\/h3>\n                                    <div class=\"pxl-item--position\">\n                                        <a href=\"\/en\/+351 926 514 263\/\">\n                                            +351 926 514 263                                        <\/a>\n                                    <\/div>\n                                <\/div>\n                            <\/div>\n                        <\/div>\n                                    <\/div>\n            <\/div>\n            \n            \n                        \n        <\/div>\n    <\/div>\n\t\t\t\t<\/div>\n\t\t\t\t<\/div>\n\t\t            <\/div>\r\n        <\/div>\r\n        \t\t\t<\/div>\n\t\t<\/section>\n\t\t        <section class=\"elementor-section elementor-top-section elementor-element elementor-element-ffd1cc5 elementor-section-stretched elementor-section-boxed elementor-section-height-default elementor-section-height-default pxl-row-scroll-none pxl-bg-color-none pxl-section-overlay-none\" data-id=\"ffd1cc5\" data-element_type=\"section\" data-settings=\"{&quot;stretch_section&quot;:&quot;section-stretched&quot;}\">\n\n                \n                <div class=\"elementor-container elementor-column-gap-extended\">\n                <div class=\"elementor-column elementor-col-100 elementor-top-column elementor-element elementor-element-24321ba pxl-column-none pxl-column-overflow-hidden-no\" data-id=\"24321ba\" data-element_type=\"column\">\r\n        <div class=\"elementor-widget-wrap elementor-element-populated\">\r\n                     \r\n        \t\t<div class=\"elementor-element elementor-element-2d8fd19 elementor-widget elementor-widget-pxl_heading\" data-id=\"2d8fd19\" data-element_type=\"widget\" data-widget_type=\"pxl_heading.default\">\n\t\t\t\t<div class=\"elementor-widget-container\">\n\t\t\t\t\t<div id=\"pxl-pxl_heading-2d8fd19-8918\" class=\"pxl-heading px-sub-title-under-style\">\n\t<div class=\"pxl-heading--inner\">\n\t\t\n\t\t\n\t\t<h3 class=\"pxl-item--title\" data-wow-delay=\"ms\">\n\t\t\tAre you ready to powerUP your organization?\t\t\n\t\t<\/h3>\n\n\t\t\t\t\t<div class=\"pxl-item--subtitle px-sub-title-under\" data-wow-delay=\"ms\">\n\t\t\t\t<span class=\"pxl-item--subtext\">\n\t\t\t\t\tTalk with us\t\t\t\t<\/span>\n\t\t\t<\/div>\n\t\t\n\t\t\n\t\t\t\t\n\t<\/div>\n<\/div>\t\t\t\t<\/div>\n\t\t\t\t<\/div>\n\t\t\t\t<div class=\"elementor-element elementor-element-7a2ab2a elementor-widget elementor-widget-pxl_text_editor\" data-id=\"7a2ab2a\" data-element_type=\"widget\" data-widget_type=\"pxl_text_editor.default\">\n\t\t\t\t<div class=\"elementor-widget-container\">\n\t\t\t\t\t<div id=\"pxl_text_editor-7a2ab2a-3143\" class=\"pxl-image-wg\" duration=\"1\">\n\t<div class=\"pxl-text-editor\">\n\t\t<div class=\"pxl-item--inner\" data-wow-delay=\"ms\">\n\t\t\t<p>Let\u2019s powerUP together, shall we?<\/p>\t\t\n\t\t<\/div>\n\t<\/div>\n<\/div>\t\t\t\t<\/div>\n\t\t\t\t<\/div>\n\t\t\t\t<div class=\"elementor-element elementor-element-96d2aa5 elementor-widget elementor-widget-pxl_contact_form\" data-id=\"96d2aa5\" data-element_type=\"widget\" data-widget_type=\"pxl_contact_form.default\">\n\t\t\t\t<div class=\"elementor-widget-container\">\n\t\t\t\t\t    <div class=\"pxl-contact-form pxl-contact-form1 notice-style1 box-style-none btn-w-auto\" data-wow-delay=\"ms\">\r\n                \n<div class=\"wpcf7 no-js\" id=\"wpcf7-f5-o1\" lang=\"en-US\" dir=\"ltr\" data-wpcf7-id=\"5\">\n<div class=\"screen-reader-response\"><p role=\"status\" aria-live=\"polite\" aria-atomic=\"true\"><\/p> <ul><\/ul><\/div>\n<form action=\"\/en\/wp-json\/wp\/v2\/pages\/27#wpcf7-f5-o1\" method=\"post\" class=\"wpcf7-form init\" aria-label=\"Contact form\" novalidate=\"novalidate\" data-status=\"init\" data-trp-original-action=\"\/en\/wp-json\/wp\/v2\/pages\/27#wpcf7-f5-o1\">\n<fieldset class=\"hidden-fields-container\"><input type=\"hidden\" name=\"_wpcf7\" value=\"5\" \/><input type=\"hidden\" name=\"_wpcf7_version\" value=\"6.1.4\" \/><input type=\"hidden\" name=\"_wpcf7_locale\" value=\"en_US\" \/><input type=\"hidden\" name=\"_wpcf7_unit_tag\" value=\"wpcf7-f5-o1\" \/><input type=\"hidden\" name=\"_wpcf7_container_post\" value=\"0\" \/><input type=\"hidden\" name=\"_wpcf7_posted_data_hash\" value=\"\" \/>\n<\/fieldset>\n<div class=\"contact1\">\n\t<div class=\"row\">\n\t\t<div class=\"col-6\">\n\t\t\t<div class=\"form pxl-item-name\">\n\t\t\t\t<p><span class=\"wpcf7-form-control-wrap\" data-name=\"text-484\"><input size=\"40\" maxlength=\"400\" class=\"wpcf7-form-control wpcf7-text wpcf7-validates-as-required\" aria-required=\"true\" aria-invalid=\"false\" placeholder=\"Name\" value=\"\" type=\"text\" name=\"text-484\" \/><\/span>\n\t\t\t\t<\/p>\n\t\t\t<\/div>\n\t\t<\/div>\n\t\t<div class=\"col-6\">\n\t\t\t<div class=\"form pxl-item-email\">\n\t\t\t\t<p><span class=\"wpcf7-form-control-wrap\" data-name=\"email-761\"><input size=\"40\" maxlength=\"400\" class=\"wpcf7-form-control wpcf7-email wpcf7-validates-as-required wpcf7-text wpcf7-validates-as-email\" aria-required=\"true\" aria-invalid=\"false\" placeholder=\"Email\" value=\"\" type=\"email\" name=\"email-761\" \/><\/span>\n\t\t\t\t<\/p>\n\t\t\t<\/div>\n\t\t<\/div>\n\t<\/div>\n\t<div class=\"row\">\n\t\t<div class=\"col-6\">\n\t\t\t<div class=\"form pxl-item-phone\">\n\t\t\t\t<p><span class=\"wpcf7-form-control-wrap\" data-name=\"tel-913\"><input size=\"40\" maxlength=\"400\" class=\"wpcf7-form-control wpcf7-tel wpcf7-validates-as-required wpcf7-text wpcf7-validates-as-tel\" aria-required=\"true\" aria-invalid=\"false\" placeholder=\"Phone\" value=\"\" type=\"tel\" name=\"tel-913\" \/><\/span>\n\t\t\t\t<\/p>\n\t\t\t<\/div>\n\t\t<\/div>\n\t\t<div class=\"col-6\">\n\t\t\t<div class=\"form pxl-item-subject\">\n\t\t\t\t<p><span class=\"wpcf7-form-control-wrap\" data-name=\"your-subject\"><input size=\"40\" maxlength=\"400\" class=\"wpcf7-form-control wpcf7-text wpcf7-validates-as-required\" aria-required=\"true\" aria-invalid=\"false\" placeholder=\"Subject\" value=\"\" type=\"text\" name=\"your-subject\" \/><\/span>\n\t\t\t\t<\/p>\n\t\t\t<\/div>\n\t\t<\/div>\n\t<\/div>\n\t<div class=\"form pxl-item-message\">\n\t\t<p><span class=\"wpcf7-form-control-wrap\" data-name=\"textarea-648\"><textarea cols=\"40\" rows=\"10\" maxlength=\"2000\" class=\"wpcf7-form-control wpcf7-textarea wpcf7-validates-as-required\" aria-required=\"true\" aria-invalid=\"false\" placeholder=\"Message\" name=\"textarea-648\"><\/textarea><\/span>\n\t\t<\/p>\n\t<\/div>\n\t<div class=\"contact-submit\">\n\t\t<p><input class=\"wpcf7-form-control wpcf7-submit has-spinner submit\" type=\"submit\" value=\"Send Mensage\" \/>\n\t\t<\/p>\n\t<\/div>\n<\/div><div class=\"wpcf7-response-output\" aria-hidden=\"true\"><\/div>\n<input type=\"hidden\" name=\"trp-form-language\" value=\"en\"\/><\/form>\n<\/div>\n    <\/div>\r\n\t\t\t\t<\/div>\n\t\t\t\t<\/div>\n\t\t            <\/div>\r\n        <\/div>\r\n        \t\t\t<\/div>\n\t\t<\/section>\n\t\t        <section class=\"elementor-section elementor-top-section elementor-element elementor-element-e38a066 elementor-section-full_width elementor-section-stretched elementor-hidden-desktop elementor-hidden-laptop elementor-hidden-tablet_extra elementor-hidden-tablet elementor-hidden-mobile_extra elementor-hidden-mobile elementor-section-height-default elementor-section-height-default pxl-row-scroll-none pxl-full-content-with-space-none pxl-bg-color-none pxl-section-overlay-none\" data-id=\"e38a066\" data-element_type=\"section\" data-settings=\"{&quot;stretch_section&quot;:&quot;section-stretched&quot;}\">\n\n                \n                <div class=\"elementor-container elementor-column-gap-no\">\n                <div class=\"elementor-column elementor-col-100 elementor-top-column elementor-element elementor-element-0fec7ed pxl-column-none pxl-column-overflow-hidden-no\" data-id=\"0fec7ed\" data-element_type=\"column\">\r\n        <div class=\"elementor-widget-wrap elementor-element-populated\">\r\n                     \r\n        \t\t<div class=\"elementor-element elementor-element-284960a elementor-widget elementor-widget-google_maps\" data-id=\"284960a\" data-element_type=\"widget\" data-widget_type=\"google_maps.default\">\n\t\t\t\t<div class=\"elementor-widget-container\">\n\t\t\t\t\t\t\t<div class=\"elementor-custom-embed\">\n\t\t\t<iframe loading=\"lazy\"\n\t\t\t\t\tsrc=\"https:\/\/maps.google.com\/maps?q=London%20Eye%2C%20London%2C%20United%20Kingdom&#038;t=m&#038;z=15&#038;output=embed&#038;iwloc=near\"\n\t\t\t\t\ttitle=\"London Eye, London, United Kingdom\"\n\t\t\t\t\taria-label=\"London Eye, London, United Kingdom\"\n\t\t\t><\/iframe>\n\t\t<\/div>\n\t\t\t\t\t\t<\/div>\n\t\t\t\t<\/div>\n\t\t            <\/div>\r\n        <\/div>\r\n        \t\t\t<\/div>\n\t\t<\/section>\n\t\t\t\t<\/div>","protected":false},"excerpt":{"rendered":"<p>E-mail hello@power-up.pt Telefone +351 926 514 263 Est\u00e1 pronta\/o para fazer powerUP \u00e0 sua organiza\u00e7\u00e3o? Fale connosco Let\u2019s powerUP together, shall we?<\/p>","protected":false},"author":1,"featured_media":0,"parent":0,"menu_order":0,"comment_status":"closed","ping_status":"closed","template":"","meta":{"footnotes":""},"class_list":["post-27","page","type-page","status-publish","hentry"],"yoast_head":"<!-- This site is optimized with the Yoast SEO plugin v26.5 - https:\/\/yoast.com\/wordpress\/plugins\/seo\/ -->\n<title>Contactos - Power Up<\/title>\n<meta name=\"description\" content=\"Contactos Power up - Email: hello@power-up.pt Telefone: +351 926 514 263 | Fale connosco!\" \/>\n<meta name=\"robots\" content=\"index, follow, max-snippet:-1, max-image-preview:large, max-video-preview:-1\" \/>\n<link rel=\"canonical\" href=\"https:\/\/power-up.pt\/en\/contactos-power-up\/\" \/>\n<meta property=\"og:locale\" content=\"en_US\" \/>\n<meta property=\"og:type\" content=\"article\" \/>\n<meta property=\"og:title\" content=\"Contactos - Power Up\" \/>\n<meta property=\"og:description\" content=\"Contactos Power up - Email: hello@power-up.pt Telefone: +351 926 514 263 | Fale connosco!\" \/>\n<meta property=\"og:url\" content=\"https:\/\/power-up.pt\/en\/contactos-power-up\/\" \/>\n<meta property=\"og:site_name\" content=\"Power Up\" \/>\n<meta property=\"article:modified_time\" content=\"2025-03-18T14:52:44+00:00\" \/>\n<meta property=\"og:image\" content=\"https:\/\/power-up.pt\/wp-content\/uploads\/2025\/03\/email-1.png\" \/>\n<meta name=\"twitter:card\" content=\"summary_large_image\" \/>\n<meta name=\"twitter:label1\" content=\"Est. reading time\" \/>\n\t<meta name=\"twitter:data1\" content=\"1 minute\" \/>\n<script type=\"application\/ld+json\" class=\"yoast-schema-graph\">{\"@context\":\"https:\/\/schema.org\",\"@graph\":[{\"@type\":\"WebPage\",\"@id\":\"https:\/\/power-up.pt\/contactos-power-up\/\",\"url\":\"https:\/\/power-up.pt\/contactos-power-up\/\",\"name\":\"Contactos - Power Up\",\"isPartOf\":{\"@id\":\"https:\/\/power-up.pt\/#website\"},\"primaryImageOfPage\":{\"@id\":\"https:\/\/power-up.pt\/contactos-power-up\/#primaryimage\"},\"image\":{\"@id\":\"https:\/\/power-up.pt\/contactos-power-up\/#primaryimage\"},\"thumbnailUrl\":\"https:\/\/power-up.pt\/wp-content\/uploads\/2025\/03\/email-1.png\",\"datePublished\":\"2024-03-05T03:17:56+00:00\",\"dateModified\":\"2025-03-18T14:52:44+00:00\",\"description\":\"Contactos Power up - Email: hello@power-up.pt Telefone: +351 926 514 263 | Fale connosco!\",\"breadcrumb\":{\"@id\":\"https:\/\/power-up.pt\/contactos-power-up\/#breadcrumb\"},\"inLanguage\":\"en-US\",\"potentialAction\":[{\"@type\":\"ReadAction\",\"target\":[\"https:\/\/power-up.pt\/contactos-power-up\/\"]}]},{\"@type\":\"ImageObject\",\"inLanguage\":\"en-US\",\"@id\":\"https:\/\/power-up.pt\/contactos-power-up\/#primaryimage\",\"url\":\"https:\/\/power-up.pt\/wp-content\/uploads\/2025\/03\/email-1.png\",\"contentUrl\":\"https:\/\/power-up.pt\/wp-content\/uploads\/2025\/03\/email-1.png\"},{\"@type\":\"BreadcrumbList\",\"@id\":\"https:\/\/power-up.pt\/contactos-power-up\/#breadcrumb\",\"itemListElement\":[{\"@type\":\"ListItem\",\"position\":1,\"name\":\"Home\",\"item\":\"https:\/\/power-up.pt\/\"},{\"@type\":\"ListItem\",\"position\":2,\"name\":\"Contactos\"}]},{\"@type\":\"WebSite\",\"@id\":\"https:\/\/power-up.pt\/#website\",\"url\":\"https:\/\/power-up.pt\/\",\"name\":\"Power Up\",\"description\":\"Empowering People Elevating Organizations\",\"publisher\":{\"@id\":\"https:\/\/power-up.pt\/#organization\"},\"potentialAction\":[{\"@type\":\"SearchAction\",\"target\":{\"@type\":\"EntryPoint\",\"urlTemplate\":\"https:\/\/power-up.pt\/?s={search_term_string}\"},\"query-input\":{\"@type\":\"PropertyValueSpecification\",\"valueRequired\":true,\"valueName\":\"search_term_string\"}}],\"inLanguage\":\"en-US\"},{\"@type\":\"Organization\",\"@id\":\"https:\/\/power-up.pt\/#organization\",\"name\":\"Power Up\",\"url\":\"https:\/\/power-up.pt\/\",\"logo\":{\"@type\":\"ImageObject\",\"inLanguage\":\"en-US\",\"@id\":\"https:\/\/power-up.pt\/#\/schema\/logo\/image\/\",\"url\":\"https:\/\/power-up.pt\/wp-content\/uploads\/2025\/03\/cropped-poweruppeople_logo.jpg\",\"contentUrl\":\"https:\/\/power-up.pt\/wp-content\/uploads\/2025\/03\/cropped-poweruppeople_logo.jpg\",\"width\":200,\"height\":200,\"caption\":\"Power Up\"},\"image\":{\"@id\":\"https:\/\/power-up.pt\/#\/schema\/logo\/image\/\"}}]}<\/script>\n<!-- \/ Yoast SEO plugin. -->","yoast_head_json":{"title":"Contactos - Power Up","description":"Contactos Power up - Email: hello@power-up.pt Telefone: +351 926 514 263 | Fale connosco!","robots":{"index":"index","follow":"follow","max-snippet":"max-snippet:-1","max-image-preview":"max-image-preview:large","max-video-preview":"max-video-preview:-1"},"canonical":"https:\/\/power-up.pt\/en\/contactos-power-up\/","og_locale":"en_US","og_type":"article","og_title":"Contactos - Power Up","og_description":"Contactos Power up - Email: hello@power-up.pt Telefone: +351 926 514 263 | Fale connosco!","og_url":"https:\/\/power-up.pt\/en\/contactos-power-up\/","og_site_name":"Power Up","article_modified_time":"2025-03-18T14:52:44+00:00","og_image":[{"url":"https:\/\/power-up.pt\/wp-content\/uploads\/2025\/03\/email-1.png","type":"","width":"","height":""}],"twitter_card":"summary_large_image","twitter_misc":{"Est. reading time":"1 minute"},"schema":{"@context":"https:\/\/schema.org","@graph":[{"@type":"WebPage","@id":"https:\/\/power-up.pt\/contactos-power-up\/","url":"https:\/\/power-up.pt\/contactos-power-up\/","name":"Contactos - Power Up","isPartOf":{"@id":"https:\/\/power-up.pt\/#website"},"primaryImageOfPage":{"@id":"https:\/\/power-up.pt\/contactos-power-up\/#primaryimage"},"image":{"@id":"https:\/\/power-up.pt\/contactos-power-up\/#primaryimage"},"thumbnailUrl":"https:\/\/power-up.pt\/wp-content\/uploads\/2025\/03\/email-1.png","datePublished":"2024-03-05T03:17:56+00:00","dateModified":"2025-03-18T14:52:44+00:00","description":"Contactos Power up - Email: hello@power-up.pt Telefone: +351 926 514 263 | Fale connosco!","breadcrumb":{"@id":"https:\/\/power-up.pt\/contactos-power-up\/#breadcrumb"},"inLanguage":"en-US","potentialAction":[{"@type":"ReadAction","target":["https:\/\/power-up.pt\/contactos-power-up\/"]}]},{"@type":"ImageObject","inLanguage":"en-US","@id":"https:\/\/power-up.pt\/contactos-power-up\/#primaryimage","url":"https:\/\/power-up.pt\/wp-content\/uploads\/2025\/03\/email-1.png","contentUrl":"https:\/\/power-up.pt\/wp-content\/uploads\/2025\/03\/email-1.png"},{"@type":"BreadcrumbList","@id":"https:\/\/power-up.pt\/contactos-power-up\/#breadcrumb","itemListElement":[{"@type":"ListItem","position":1,"name":"Home","item":"https:\/\/power-up.pt\/"},{"@type":"ListItem","position":2,"name":"Contactos"}]},{"@type":"WebSite","@id":"https:\/\/power-up.pt\/#website","url":"https:\/\/power-up.pt\/","name":"Power Up","description":"Empowering People Elevating Organizations","publisher":{"@id":"https:\/\/power-up.pt\/#organization"},"potentialAction":[{"@type":"SearchAction","target":{"@type":"EntryPoint","urlTemplate":"https:\/\/power-up.pt\/?s={search_term_string}"},"query-input":{"@type":"PropertyValueSpecification","valueRequired":true,"valueName":"search_term_string"}}],"inLanguage":"en-US"},{"@type":"Organization","@id":"https:\/\/power-up.pt\/#organization","name":"Power Up","url":"https:\/\/power-up.pt\/","logo":{"@type":"ImageObject","inLanguage":"en-US","@id":"https:\/\/power-up.pt\/#\/schema\/logo\/image\/","url":"https:\/\/power-up.pt\/wp-content\/uploads\/2025\/03\/cropped-poweruppeople_logo.jpg","contentUrl":"https:\/\/power-up.pt\/wp-content\/uploads\/2025\/03\/cropped-poweruppeople_logo.jpg","width":200,"height":200,"caption":"Power Up"},"image":{"@id":"https:\/\/power-up.pt\/#\/schema\/logo\/image\/"}}]}},"_links":{"self":[{"href":"https:\/\/power-up.pt\/en\/wp-json\/wp\/v2\/pages\/27","targetHints":{"allow":["GET"]}}],"collection":[{"href":"https:\/\/power-up.pt\/en\/wp-json\/wp\/v2\/pages"}],"about":[{"href":"https:\/\/power-up.pt\/en\/wp-json\/wp\/v2\/types\/page"}],"author":[{"embeddable":true,"href":"https:\/\/power-up.pt\/en\/wp-json\/wp\/v2\/users\/1"}],"replies":[{"embeddable":true,"href":"https:\/\/power-up.pt\/en\/wp-json\/wp\/v2\/comments?post=27"}],"version-history":[{"count":22,"href":"https:\/\/power-up.pt\/en\/wp-json\/wp\/v2\/pages\/27\/revisions"}],"predecessor-version":[{"id":7556,"href":"https:\/\/power-up.pt\/en\/wp-json\/wp\/v2\/pages\/27\/revisions\/7556"}],"wp:attachment":[{"href":"https:\/\/power-up.pt\/en\/wp-json\/wp\/v2\/media?parent=27"}],"curies":[{"name":"wp","href":"https:\/\/api.w.org\/{rel}","templated":true}]}}