{"id":30,"date":"2024-03-05T03:18:32","date_gmt":"2024-03-05T03:18:32","guid":{"rendered":"https:\/\/demo.bravisthemes.com\/americ\/?page_id=30"},"modified":"2026-03-16T16:25:13","modified_gmt":"2026-03-16T16:25:13","slug":"sobre-nos","status":"publish","type":"page","link":"https:\/\/power-up.pt\/en\/sobre-nos\/","title":{"rendered":"About us"},"content":{"rendered":"<div data-elementor-type=\"wp-page\" data-elementor-id=\"30\" class=\"elementor elementor-30\">\n\t\t\t\t        <section class=\"elementor-section elementor-top-section elementor-element elementor-element-0519b51 elementor-section-stretched elementor-section-boxed elementor-section-height-default elementor-section-height-default pxl-row-scroll-none pxl-bg-color-none pxl-section-overlay-none\" data-id=\"0519b51\" data-element_type=\"section\" data-settings=\"{&quot;stretch_section&quot;:&quot;section-stretched&quot;}\">\n\n                \n        <div id=\"pxl-row-particles-69e70927bc946\" class=\"pxl-row-particles\" data-number=\"4\" data-size=\"3\" data-size-random=\"false\" data-move-direction=\"none\" data-color=\"[&quot;#000000&quot;]\"><\/div>        <div class=\"elementor-container elementor-column-gap-extended\">\n                <div class=\"elementor-column elementor-col-33 elementor-top-column elementor-element elementor-element-e423d1b pxl-column-none pxl-column-overflow-hidden-no\" data-id=\"e423d1b\" data-element_type=\"column\">\r\n        <div class=\"elementor-widget-wrap elementor-element-populated\">\r\n                     \r\n        \t\t<div class=\"elementor-element elementor-element-333a4da elementor-invisible elementor-widget elementor-widget-pxl_text_editor\" data-id=\"333a4da\" data-element_type=\"widget\" data-settings=\"{&quot;_animation&quot;:&quot;fadeInLeft&quot;}\" data-widget_type=\"pxl_text_editor.default\">\n\t\t\t\t<div class=\"elementor-widget-container\">\n\t\t\t\t\t<div id=\"pxl_text_editor-333a4da-1529\" class=\"pxl-image-wg\" duration=\"1\">\n\t<div class=\"pxl-text-editor\">\n\t\t<div class=\"pxl-item--inner\" data-wow-delay=\"ms\">\n\t\t\t<p>Team<\/p>\t\t\n\t\t<\/div>\n\t<\/div>\n<\/div>\t\t\t\t<\/div>\n\t\t\t\t<\/div>\n\t\t            <\/div>\r\n        <\/div>\r\n                <div class=\"elementor-column elementor-col-66 elementor-top-column elementor-element elementor-element-a9f67e6 pxl-column-none pxl-column-overflow-hidden-no\" data-id=\"a9f67e6\" data-element_type=\"column\">\r\n        <div class=\"elementor-widget-wrap elementor-element-populated\">\r\n                     \r\n        \t\t<div class=\"elementor-element elementor-element-b82472c elementor-invisible elementor-widget elementor-widget-pxl_team_grid\" data-id=\"b82472c\" data-element_type=\"widget\" data-settings=\"{&quot;_animation&quot;:&quot;fadeInDown&quot;}\" data-widget_type=\"pxl_team_grid.default\">\n\t\t\t\t<div class=\"elementor-widget-container\">\n\t\t\t\t\t    <div class=\"pxl-grid pxl-team-grid pxl-team-grid1 pxl-team-style1\">\r\n        <div class=\"pxl-grid-inner pxl-grid-masonry row\" data-gutter=\"15\">\r\n                            <div class=\"pxl-grid-item col-xl-6 col-lg-6 col-md-6 col-sm-6 col-12\">\r\n                    <div class=\"pxl-item--inner wow fadeIn\">\r\n                                                    <div class=\"pxl-item--image\">\r\n                                <img fetchpriority=\"high\" decoding=\"async\" width=\"1024\" height=\"1024\" src=\"https:\/\/power-up.pt\/wp-content\/uploads\/2025\/03\/018-E0dvsDHz41o.jpeg\" class=\"no-lazyload attachment-full\" alt=\"\" \/>                                <a href=\"https:\/\/power-up.pt\/en\/filipa-lemos-cristina\/\"><\/a>\r\n                                                                    <div class=\"pxl-item--social\">\r\n                                                                                                                            <a href=\"https:\/\/www.instagram.com\/filipa_lemos_cristina\/\" target=\"_blank\"><i class=\"fab fa-instagram\"><\/i><\/a>\r\n                                                                                    <a href=\"https:\/\/www.linkedin.com\/company\/poweruppeople\/\" target=\"_blank\"><i class=\"fab fa-linkedin-in\"><\/i><\/a>\r\n                                                                            <\/div>\r\n                                                            <\/div>\r\n                                                <div class=\"pxl-item-content\">\r\n                            <div class=\"pxl-item--holder\">\r\n                                <h3 class=\"pxl-item--title\">\r\n                                    <a href=\"https:\/\/power-up.pt\/en\/filipa-lemos-cristina\/\">Filipa Lemos Cristina<\/a>\r\n                                <\/h3>\r\n                                <div class=\"pxl-item--position\">Fundadora & Driver<\/div>\r\n                            <\/div>\r\n                        <\/div>\r\n                   <\/div>\r\n                <\/div>\r\n                        <div class=\"grid-sizer col-xl-6 col-lg-6 col-md-6 col-sm-6 col-12\"><\/div>\r\n        <\/div>\r\n    <\/div>\r\n\t\t\t\t<\/div>\n\t\t\t\t<\/div>\n\t\t            <\/div>\r\n        <\/div>\r\n        \t\t\t<\/div>\n\t\t<\/section>\n\t\t        <section class=\"elementor-section elementor-top-section elementor-element elementor-element-76c6c739 elementor-section-full_width elementor-section-stretched elementor-section-height-default elementor-section-height-default pxl-row-scroll-none pxl-full-content-with-space-none pxl-bg-color-none pxl-section-overlay-none\" data-id=\"76c6c739\" data-element_type=\"section\" data-settings=\"{&quot;stretch_section&quot;:&quot;section-stretched&quot;,&quot;background_background&quot;:&quot;classic&quot;}\">\n\n                \n                <div class=\"elementor-container elementor-column-gap-no\">\n                <div class=\"elementor-column elementor-col-50 elementor-top-column elementor-element elementor-element-7166d40c pxl-column-none pxl-column-overflow-hidden-no\" data-id=\"7166d40c\" data-element_type=\"column\" data-settings=\"{&quot;background_background&quot;:&quot;classic&quot;}\">\r\n        <div class=\"elementor-widget-wrap elementor-element-populated\">\r\n                     \r\n        \t\t<div class=\"elementor-element elementor-element-28c77b8f elementor-widget__width-initial elementor-invisible elementor-widget elementor-widget-pxl_text_editor\" data-id=\"28c77b8f\" data-element_type=\"widget\" data-settings=\"{&quot;_animation&quot;:&quot;fadeInLeft&quot;}\" data-widget_type=\"pxl_text_editor.default\">\n\t\t\t\t<div class=\"elementor-widget-container\">\n\t\t\t\t\t<div id=\"pxl_text_editor-28c77b8f-9315\" class=\"pxl-image-wg\" duration=\"1\">\n\t<div class=\"pxl-text-editor\">\n\t\t<div class=\"pxl-item--inner\" data-wow-delay=\"ms\">\n\t\t\t<p>Our Goals<\/p>\t\t\n\t\t<\/div>\n\t<\/div>\n<\/div>\t\t\t\t<\/div>\n\t\t\t\t<\/div>\n\t\t\t\t<div class=\"elementor-element elementor-element-58d07f1 elementor-invisible elementor-widget elementor-widget-pxl_text_editor\" data-id=\"58d07f1\" data-element_type=\"widget\" data-settings=\"{&quot;_animation&quot;:&quot;fadeInLeft&quot;}\" data-widget_type=\"pxl_text_editor.default\">\n\t\t\t\t<div class=\"elementor-widget-container\">\n\t\t\t\t\t<div id=\"pxl_text_editor-58d07f1-4125\" class=\"pxl-image-wg\" duration=\"1\">\n\t<div class=\"pxl-text-editor\">\n\t\t<div class=\"pxl-item--inner\" data-wow-delay=\"ms\">\n\t\t\t<p>Como algu\u00e9m que acredita nos benef\u00edcios que a diversidade tamb\u00e9m ela vinda do trabalho fracionado pode criar a pessoas e organiza\u00e7\u00f5es, somos uma equipa de 5 pessoas de Portugal para o mundo lideradas pela Filipa Lemos Cristina. Mais informa\u00e7\u00f5es sobre a nossa equipa a seguir.<\/p>\t\t\n\t\t<\/div>\n\t<\/div>\n<\/div>\t\t\t\t<\/div>\n\t\t\t\t<\/div>\n\t\t\t\t<div class=\"elementor-element elementor-element-7d46c3fd elementor-widget__width-initial elementor-widget elementor-widget-pxl_accordion\" data-id=\"7d46c3fd\" data-element_type=\"widget\" data-widget_type=\"pxl_accordion.default\">\n\t\t\t\t<div class=\"elementor-widget-container\">\n\t\t\t\t\t    <div class=\"pxl-accordion pxl-accordion1 style1 wow fadeInLeft\" data-wow-delay=\"ms\">\r\n                    <div class=\"pxl--item active\">\r\n                <h5 class=\"pxl-item--title\" data-target=\"#pxl_accordion-7d46c3fd-4475-304d911\">\r\n                    <div class=\"pxl-content\">\r\n                        <span class=\"pxl-title--text\">Our Mission<\/span>\r\n                    <\/div>\r\n                    <div class=\"pxl-icon\">\r\n                         <i class=\"pxl-icon--plus\"><\/i>\r\n                    <\/div>\r\n                <\/h5>\r\n                <div id=\"pxl_accordion-7d46c3fd-4475-304d911\" class=\"pxl-item--content translation-block\" style=\"display: block;\">We enable <b>companies<\/b> and <b>educational institutions<\/b> to develop and sustain essential human skills - <b>collaboration, communication, creativity, critical thinking and empathy<\/b> - as a strategic factor in <b>retaining talent, developing productivity and increase employability.<\/b> Through specific diagnostic tests and programs, we help organisations turn these skills into <b>sustainable competitive advantages<\/b> for the future of work.<\/div>\r\n            <\/div>\r\n                    <div class=\"pxl--item\">\r\n                <h5 class=\"pxl-item--title\" data-target=\"#pxl_accordion-7d46c3fd-4475-747d0ff\">\r\n                    <div class=\"pxl-content\">\r\n                        <span class=\"pxl-title--text\">Vision<\/span>\r\n                    <\/div>\r\n                    <div class=\"pxl-icon\">\r\n                         <i class=\"pxl-icon--plus\"><\/i>\r\n                    <\/div>\r\n                <\/h5>\r\n                <div id=\"pxl_accordion-7d46c3fd-4475-747d0ff\" class=\"pxl-item--content\" >Ser <b>refer\u00eancia global <\/b> na medi\u00e7\u00e3o, desenvolvimento e sustentabilidade de <b>compet\u00eancias humanas<\/b>, criando pessoas e organiza\u00e7\u00f5es mais resilientes, inovadoras e produtivas, e preparando estudantes para um mercado de trabalho din\u00e2mico e sustent\u00e1vel.<\/div>\r\n            <\/div>\r\n                    <div class=\"pxl--item\">\r\n                <h5 class=\"pxl-item--title\" data-target=\"#pxl_accordion-7d46c3fd-4475-3391233\">\r\n                    <div class=\"pxl-content\">\r\n                        <span class=\"pxl-title--text\">Values<\/span>\r\n                    <\/div>\r\n                    <div class=\"pxl-icon\">\r\n                         <i class=\"pxl-icon--plus\"><\/i>\r\n                    <\/div>\r\n                <\/h5>\r\n                <div id=\"pxl_accordion-7d46c3fd-4475-3391233\" class=\"pxl-item--content\" >\u2022 Human Centric Innovation<br \/>\n\u2022 Life Long Learning<br \/>\n\u2022 Sustainable Impact<br \/>\n\u2022 Empathic Leadership<\/div>\r\n            <\/div>\r\n            <\/div>\r\n\t\t\t\t<\/div>\n\t\t\t\t<\/div>\n\t\t            <\/div>\r\n        <\/div>\r\n                <div class=\"elementor-column elementor-col-50 elementor-top-column elementor-element elementor-element-257e945c pxl-column-overflow-hidden-yes pxl-column-none elementor-invisible\" data-id=\"257e945c\" data-element_type=\"column\" data-settings=\"{&quot;background_background&quot;:&quot;classic&quot;,&quot;animation&quot;:&quot;fadeInRight&quot;}\">\r\n        <div class=\"elementor-widget-wrap elementor-element-populated\">\r\n            <div class=\"pxl-column-bg-parallax\" data-parallax=\"{&quot;y&quot;:-70}\"><\/div>         \r\n        \t\t<div class=\"elementor-element elementor-element-da49904 elementor-widget elementor-widget-spacer\" data-id=\"da49904\" data-element_type=\"widget\" data-widget_type=\"spacer.default\">\n\t\t\t\t<div class=\"elementor-widget-container\">\n\t\t\t\t\t\t\t<div class=\"elementor-spacer\">\n\t\t\t<div class=\"elementor-spacer-inner\"><\/div>\n\t\t<\/div>\n\t\t\t\t\t\t<\/div>\n\t\t\t\t<\/div>\n\t\t            <\/div>\r\n        <\/div>\r\n        \t\t\t<\/div>\n\t\t<\/section>\n\t\t        <section class=\"elementor-section elementor-top-section elementor-element elementor-element-5de04a07 elementor-section-stretched elementor-section-boxed elementor-section-height-default elementor-section-height-default pxl-row-scroll-none pxl-bg-color-none pxl-section-overlay-none\" data-id=\"5de04a07\" data-element_type=\"section\" data-settings=\"{&quot;stretch_section&quot;:&quot;section-stretched&quot;,&quot;background_background&quot;:&quot;classic&quot;}\">\n\n                            <div class=\"elementor-background-overlay\"><\/div>\n            \n                <div class=\"elementor-container elementor-column-gap-extended\">\n                <div class=\"elementor-column elementor-col-100 elementor-top-column elementor-element elementor-element-72825751 pxl-column-none pxl-column-overflow-hidden-no\" data-id=\"72825751\" data-element_type=\"column\">\r\n        <div class=\"elementor-widget-wrap elementor-element-populated\">\r\n                     \r\n        \t\t<div class=\"elementor-element elementor-element-50ba9e96 elementor-invisible elementor-widget elementor-widget-pxl_text_editor\" data-id=\"50ba9e96\" data-element_type=\"widget\" data-settings=\"{&quot;_animation&quot;:&quot;fadeIn&quot;}\" data-widget_type=\"pxl_text_editor.default\">\n\t\t\t\t<div class=\"elementor-widget-container\">\n\t\t\t\t\t<div id=\"pxl_text_editor-50ba9e96-8800\" class=\"pxl-image-wg\" duration=\"1\">\n\t<div class=\"pxl-text-editor\">\n\t\t<div class=\"pxl-item--inner\" data-wow-delay=\"ms\">\n\t\t\t<p>Let\u2019s powerUP together, shall we?<\/p>\t\t\n\t\t<\/div>\n\t<\/div>\n<\/div>\t\t\t\t<\/div>\n\t\t\t\t<\/div>\n\t\t\t\t<div class=\"elementor-element elementor-element-7641a682 elementor-align-center elementor-invisible elementor-widget elementor-widget-button\" data-id=\"7641a682\" data-element_type=\"widget\" data-settings=\"{&quot;_animation&quot;:&quot;fadeInLeft&quot;}\" data-widget_type=\"button.default\">\n\t\t\t\t<div class=\"elementor-widget-container\">\n\t\t\t\t\t\t\t\t\t<div class=\"elementor-button-wrapper\">\n\t\t\t\t\t<a class=\"elementor-button elementor-button-link elementor-size-sm elementor-animation-grow\" href=\"https:\/\/calendly.com\/powerskilling\/40min?month=2025-03\" target=\"_blank\">\n\t\t\t\t\t\t<span class=\"elementor-button-content-wrapper\">\n\t\t\t\t\t\t\t\t\t<span class=\"elementor-button-text\">Set up a meeting with us<\/span>\n\t\t\t\t\t<\/span>\n\t\t\t\t\t<\/a>\n\t\t\t\t<\/div>\n\t\t\t\t\t\t\t\t<\/div>\n\t\t\t\t<\/div>\n\t\t            <\/div>\r\n        <\/div>\r\n        \t\t\t<\/div>\n\t\t<\/section>\n\t\t\t\t<\/div>","protected":false},"excerpt":{"rendered":"<p>Equipa Filipa Lemos Cristina Fundadora &#038; Driver Os nossos objetivos Como algu\u00e9m que acredita nos benef\u00edcios que a diversidade tamb\u00e9m ela vinda do trabalho fracionado pode criar a pessoas e organiza\u00e7\u00f5es, somos uma equipa de 5 pessoas de Portugal para o mundo lideradas pela Filipa Lemos Cristina. Mais informa\u00e7\u00f5es sobre a nossa equipa a seguir. [&hellip;]<\/p>","protected":false},"author":1,"featured_media":0,"parent":0,"menu_order":0,"comment_status":"closed","ping_status":"closed","template":"","meta":{"footnotes":""},"class_list":["post-30","page","type-page","status-publish","hentry"],"yoast_head":"<!-- This site is optimized with the Yoast SEO plugin v26.5 - https:\/\/yoast.com\/wordpress\/plugins\/seo\/ -->\n<title>Sobre N\u00f3s - Power Up<\/title>\n<meta name=\"description\" content=\"Como grande crente no trabalho fraccionado e nas oportunidades que este pode gerar para uma sociedade diversificada.\" \/>\n<meta name=\"robots\" content=\"index, follow, max-snippet:-1, max-image-preview:large, max-video-preview:-1\" \/>\n<link rel=\"canonical\" href=\"https:\/\/power-up.pt\/en\/sobre-nos\/\" \/>\n<meta property=\"og:locale\" content=\"en_US\" \/>\n<meta property=\"og:type\" content=\"article\" \/>\n<meta property=\"og:title\" content=\"Sobre N\u00f3s - Power Up\" \/>\n<meta property=\"og:description\" content=\"Como grande crente no trabalho fraccionado e nas oportunidades que este pode gerar para uma sociedade diversificada.\" \/>\n<meta property=\"og:url\" content=\"https:\/\/power-up.pt\/en\/sobre-nos\/\" \/>\n<meta property=\"og:site_name\" content=\"Power Up\" \/>\n<meta property=\"article:modified_time\" content=\"2026-03-16T16:25:13+00:00\" \/>\n<meta property=\"og:image\" content=\"https:\/\/power-up.pt\/wp-content\/uploads\/2025\/03\/018-E0dvsDHz41o.jpeg\" \/>\n<meta name=\"twitter:card\" content=\"summary_large_image\" \/>\n<meta name=\"twitter:label1\" content=\"Est. reading time\" \/>\n\t<meta name=\"twitter:data1\" content=\"1 minute\" \/>\n<script type=\"application\/ld+json\" class=\"yoast-schema-graph\">{\"@context\":\"https:\/\/schema.org\",\"@graph\":[{\"@type\":\"WebPage\",\"@id\":\"https:\/\/power-up.pt\/sobre-nos\/\",\"url\":\"https:\/\/power-up.pt\/sobre-nos\/\",\"name\":\"Sobre N\u00f3s - Power Up\",\"isPartOf\":{\"@id\":\"https:\/\/power-up.pt\/#website\"},\"primaryImageOfPage\":{\"@id\":\"https:\/\/power-up.pt\/sobre-nos\/#primaryimage\"},\"image\":{\"@id\":\"https:\/\/power-up.pt\/sobre-nos\/#primaryimage\"},\"thumbnailUrl\":\"https:\/\/power-up.pt\/wp-content\/uploads\/2025\/03\/018-E0dvsDHz41o.jpeg\",\"datePublished\":\"2024-03-05T03:18:32+00:00\",\"dateModified\":\"2026-03-16T16:25:13+00:00\",\"description\":\"Como grande crente no trabalho fraccionado e nas oportunidades que este pode gerar para uma sociedade diversificada.\",\"breadcrumb\":{\"@id\":\"https:\/\/power-up.pt\/sobre-nos\/#breadcrumb\"},\"inLanguage\":\"en-US\",\"potentialAction\":[{\"@type\":\"ReadAction\",\"target\":[\"https:\/\/power-up.pt\/sobre-nos\/\"]}]},{\"@type\":\"ImageObject\",\"inLanguage\":\"en-US\",\"@id\":\"https:\/\/power-up.pt\/sobre-nos\/#primaryimage\",\"url\":\"https:\/\/power-up.pt\/wp-content\/uploads\/2025\/03\/018-E0dvsDHz41o.jpeg\",\"contentUrl\":\"https:\/\/power-up.pt\/wp-content\/uploads\/2025\/03\/018-E0dvsDHz41o.jpeg\"},{\"@type\":\"BreadcrumbList\",\"@id\":\"https:\/\/power-up.pt\/sobre-nos\/#breadcrumb\",\"itemListElement\":[{\"@type\":\"ListItem\",\"position\":1,\"name\":\"Home\",\"item\":\"https:\/\/power-up.pt\/\"},{\"@type\":\"ListItem\",\"position\":2,\"name\":\"Sobre N\u00f3s\"}]},{\"@type\":\"WebSite\",\"@id\":\"https:\/\/power-up.pt\/#website\",\"url\":\"https:\/\/power-up.pt\/\",\"name\":\"Power Up\",\"description\":\"Empowering People Elevating Organizations\",\"publisher\":{\"@id\":\"https:\/\/power-up.pt\/#organization\"},\"potentialAction\":[{\"@type\":\"SearchAction\",\"target\":{\"@type\":\"EntryPoint\",\"urlTemplate\":\"https:\/\/power-up.pt\/?s={search_term_string}\"},\"query-input\":{\"@type\":\"PropertyValueSpecification\",\"valueRequired\":true,\"valueName\":\"search_term_string\"}}],\"inLanguage\":\"en-US\"},{\"@type\":\"Organization\",\"@id\":\"https:\/\/power-up.pt\/#organization\",\"name\":\"Power Up\",\"url\":\"https:\/\/power-up.pt\/\",\"logo\":{\"@type\":\"ImageObject\",\"inLanguage\":\"en-US\",\"@id\":\"https:\/\/power-up.pt\/#\/schema\/logo\/image\/\",\"url\":\"https:\/\/power-up.pt\/wp-content\/uploads\/2025\/03\/cropped-poweruppeople_logo.jpg\",\"contentUrl\":\"https:\/\/power-up.pt\/wp-content\/uploads\/2025\/03\/cropped-poweruppeople_logo.jpg\",\"width\":200,\"height\":200,\"caption\":\"Power Up\"},\"image\":{\"@id\":\"https:\/\/power-up.pt\/#\/schema\/logo\/image\/\"}}]}<\/script>\n<!-- \/ Yoast SEO plugin. -->","yoast_head_json":{"title":"Sobre N\u00f3s - Power Up","description":"Como grande crente no trabalho fraccionado e nas oportunidades que este pode gerar para uma sociedade diversificada.","robots":{"index":"index","follow":"follow","max-snippet":"max-snippet:-1","max-image-preview":"max-image-preview:large","max-video-preview":"max-video-preview:-1"},"canonical":"https:\/\/power-up.pt\/en\/sobre-nos\/","og_locale":"en_US","og_type":"article","og_title":"Sobre N\u00f3s - Power Up","og_description":"Como grande crente no trabalho fraccionado e nas oportunidades que este pode gerar para uma sociedade diversificada.","og_url":"https:\/\/power-up.pt\/en\/sobre-nos\/","og_site_name":"Power Up","article_modified_time":"2026-03-16T16:25:13+00:00","og_image":[{"url":"https:\/\/power-up.pt\/wp-content\/uploads\/2025\/03\/018-E0dvsDHz41o.jpeg","type":"","width":"","height":""}],"twitter_card":"summary_large_image","twitter_misc":{"Est. reading time":"1 minute"},"schema":{"@context":"https:\/\/schema.org","@graph":[{"@type":"WebPage","@id":"https:\/\/power-up.pt\/sobre-nos\/","url":"https:\/\/power-up.pt\/sobre-nos\/","name":"Sobre N\u00f3s - Power Up","isPartOf":{"@id":"https:\/\/power-up.pt\/#website"},"primaryImageOfPage":{"@id":"https:\/\/power-up.pt\/sobre-nos\/#primaryimage"},"image":{"@id":"https:\/\/power-up.pt\/sobre-nos\/#primaryimage"},"thumbnailUrl":"https:\/\/power-up.pt\/wp-content\/uploads\/2025\/03\/018-E0dvsDHz41o.jpeg","datePublished":"2024-03-05T03:18:32+00:00","dateModified":"2026-03-16T16:25:13+00:00","description":"Como grande crente no trabalho fraccionado e nas oportunidades que este pode gerar para uma sociedade diversificada.","breadcrumb":{"@id":"https:\/\/power-up.pt\/sobre-nos\/#breadcrumb"},"inLanguage":"en-US","potentialAction":[{"@type":"ReadAction","target":["https:\/\/power-up.pt\/sobre-nos\/"]}]},{"@type":"ImageObject","inLanguage":"en-US","@id":"https:\/\/power-up.pt\/sobre-nos\/#primaryimage","url":"https:\/\/power-up.pt\/wp-content\/uploads\/2025\/03\/018-E0dvsDHz41o.jpeg","contentUrl":"https:\/\/power-up.pt\/wp-content\/uploads\/2025\/03\/018-E0dvsDHz41o.jpeg"},{"@type":"BreadcrumbList","@id":"https:\/\/power-up.pt\/sobre-nos\/#breadcrumb","itemListElement":[{"@type":"ListItem","position":1,"name":"Home","item":"https:\/\/power-up.pt\/"},{"@type":"ListItem","position":2,"name":"Sobre N\u00f3s"}]},{"@type":"WebSite","@id":"https:\/\/power-up.pt\/#website","url":"https:\/\/power-up.pt\/","name":"Power Up","description":"Empowering People Elevating Organizations","publisher":{"@id":"https:\/\/power-up.pt\/#organization"},"potentialAction":[{"@type":"SearchAction","target":{"@type":"EntryPoint","urlTemplate":"https:\/\/power-up.pt\/?s={search_term_string}"},"query-input":{"@type":"PropertyValueSpecification","valueRequired":true,"valueName":"search_term_string"}}],"inLanguage":"en-US"},{"@type":"Organization","@id":"https:\/\/power-up.pt\/#organization","name":"Power Up","url":"https:\/\/power-up.pt\/","logo":{"@type":"ImageObject","inLanguage":"en-US","@id":"https:\/\/power-up.pt\/#\/schema\/logo\/image\/","url":"https:\/\/power-up.pt\/wp-content\/uploads\/2025\/03\/cropped-poweruppeople_logo.jpg","contentUrl":"https:\/\/power-up.pt\/wp-content\/uploads\/2025\/03\/cropped-poweruppeople_logo.jpg","width":200,"height":200,"caption":"Power Up"},"image":{"@id":"https:\/\/power-up.pt\/#\/schema\/logo\/image\/"}}]}},"_links":{"self":[{"href":"https:\/\/power-up.pt\/en\/wp-json\/wp\/v2\/pages\/30","targetHints":{"allow":["GET"]}}],"collection":[{"href":"https:\/\/power-up.pt\/en\/wp-json\/wp\/v2\/pages"}],"about":[{"href":"https:\/\/power-up.pt\/en\/wp-json\/wp\/v2\/types\/page"}],"author":[{"embeddable":true,"href":"https:\/\/power-up.pt\/en\/wp-json\/wp\/v2\/users\/1"}],"replies":[{"embeddable":true,"href":"https:\/\/power-up.pt\/en\/wp-json\/wp\/v2\/comments?post=30"}],"version-history":[{"count":112,"href":"https:\/\/power-up.pt\/en\/wp-json\/wp\/v2\/pages\/30\/revisions"}],"predecessor-version":[{"id":8153,"href":"https:\/\/power-up.pt\/en\/wp-json\/wp\/v2\/pages\/30\/revisions\/8153"}],"wp:attachment":[{"href":"https:\/\/power-up.pt\/en\/wp-json\/wp\/v2\/media?parent=30"}],"curies":[{"name":"wp","href":"https:\/\/api.w.org\/{rel}","templated":true}]}}