{"id":7003,"date":"2025-03-15T21:15:06","date_gmt":"2025-03-15T21:15:06","guid":{"rendered":"https:\/\/power-up.pt\/?page_id=7003"},"modified":"2025-03-19T11:18:48","modified_gmt":"2025-03-19T11:18:48","slug":"a-jornada-completa","status":"publish","type":"page","link":"https:\/\/power-up.pt\/en\/a-jornada-completa\/","title":{"rendered":"The whole journey"},"content":{"rendered":"<div data-elementor-type=\"wp-page\" data-elementor-id=\"7003\" class=\"elementor elementor-7003\">\n\t\t\t\t        <section class=\"elementor-section elementor-top-section elementor-element elementor-element-7b21a931 elementor-section-boxed elementor-section-height-default elementor-section-height-default pxl-row-scroll-none pxl-bg-color-none pxl-section-overlay-none\" data-id=\"7b21a931\" data-element_type=\"section\">\n\n                \n                <div class=\"elementor-container elementor-column-gap-default\">\n                <div class=\"elementor-column elementor-col-100 elementor-top-column elementor-element elementor-element-28b5ddba pxl-column-none pxl-column-overflow-hidden-no\" data-id=\"28b5ddba\" data-element_type=\"column\">\r\n        <div class=\"elementor-widget-wrap elementor-element-populated\">\r\n                     \r\n        \t\t<div class=\"elementor-element elementor-element-2dbf251 elementor-widget elementor-widget-pxl_image\" data-id=\"2dbf251\" data-element_type=\"widget\" data-widget_type=\"pxl_image.default\">\n\t\t\t\t<div class=\"elementor-widget-container\">\n\t\t\t\t\t<div id=\"pxl_image-2dbf251-7235\" class=\"pxl-image-single pxl-disable-parallax-sm\" data-wow-delay=\"ms\"  >\r\n    <div class=\"pxl-item--inner\" data-wow-delay=\"120ms\">\r\n        \r\n                                <div class=\"pxl-item--image\" data-parallax-value=\"\">\r\n                                                     <img fetchpriority=\"high\" decoding=\"async\" width=\"556\" height=\"520\" src=\"https:\/\/power-up.pt\/wp-content\/uploads\/2025\/03\/Jornada-completa-fig-ENG.jpg\" class=\"no-lazyload attachment-full\" alt=\"A jornada completa\" \/>                                            <\/div>\r\n                            \r\n            <\/div>\r\n<\/div>\t\t\t\t<\/div>\n\t\t\t\t<\/div>\n\t\t\t\t<div class=\"elementor-element elementor-element-2cd8fa1e elementor-widget elementor-widget-text-editor\" data-id=\"2cd8fa1e\" data-element_type=\"widget\" data-widget_type=\"text-editor.default\">\n\t\t\t\t<div class=\"elementor-widget-container\">\n\t\t\t\t\t\t\t\t\t<p class=\"translation-block\">PowerUP acts upon 4 pillars: <strong>Educate, Measure, Develop, and Impact, <\/strong> with different services designed to inspire awareness, assess critical human skills, activate and reinforce their development, and track measurable progres \u2014<strong> ultimately driving talent retention, productivity, and long-term organizational success.<\/strong><\/p><p><strong>We have different subscription packages according to each organization\u2019s needs.<\/strong><\/p>\t\t\t\t\t\t\t\t<\/div>\n\t\t\t\t<\/div>\n\t\t            <\/div>\r\n        <\/div>\r\n        \t\t\t<\/div>\n\t\t<\/section>\n\t\t        <section class=\"elementor-section elementor-top-section elementor-element elementor-element-35146131 elementor-section-stretched elementor-section-boxed elementor-section-height-default elementor-section-height-default pxl-row-scroll-none pxl-bg-color-none pxl-section-overlay-none\" data-id=\"35146131\" data-element_type=\"section\" data-settings=\"{&quot;stretch_section&quot;:&quot;section-stretched&quot;,&quot;background_background&quot;:&quot;classic&quot;}\">\n\n                            <div class=\"elementor-background-overlay\"><\/div>\n            \n                <div class=\"elementor-container elementor-column-gap-extended\">\n                <div class=\"elementor-column elementor-col-100 elementor-top-column elementor-element elementor-element-70fc9a71 pxl-column-none pxl-column-overflow-hidden-no\" data-id=\"70fc9a71\" data-element_type=\"column\">\r\n        <div class=\"elementor-widget-wrap elementor-element-populated\">\r\n                     \r\n        \t\t<div class=\"elementor-element elementor-element-69b321aa elementor-invisible elementor-widget elementor-widget-pxl_text_editor\" data-id=\"69b321aa\" data-element_type=\"widget\" data-settings=\"{&quot;_animation&quot;:&quot;fadeIn&quot;}\" data-widget_type=\"pxl_text_editor.default\">\n\t\t\t\t<div class=\"elementor-widget-container\">\n\t\t\t\t\t<div id=\"pxl_text_editor-69b321aa-3581\" class=\"pxl-image-wg\" duration=\"1\">\n\t<div class=\"pxl-text-editor\">\n\t\t<div class=\"pxl-item--inner\" data-wow-delay=\"ms\">\n\t\t\t<p>Let\u2019s powerUP together, shall we?<\/p>\t\t\n\t\t<\/div>\n\t<\/div>\n<\/div>\t\t\t\t<\/div>\n\t\t\t\t<\/div>\n\t\t\t\t<div class=\"elementor-element elementor-element-54622fe9 elementor-align-center elementor-invisible elementor-widget elementor-widget-button\" data-id=\"54622fe9\" data-element_type=\"widget\" data-settings=\"{&quot;_animation&quot;:&quot;fadeInUp&quot;}\" data-widget_type=\"button.default\">\n\t\t\t\t<div class=\"elementor-widget-container\">\n\t\t\t\t\t\t\t\t\t<div class=\"elementor-button-wrapper\">\n\t\t\t\t\t<a class=\"elementor-button elementor-button-link elementor-size-sm elementor-animation-grow\" href=\"https:\/\/calendly.com\/powerskilling\/40min?month=2025-03\" target=\"_blank\">\n\t\t\t\t\t\t<span class=\"elementor-button-content-wrapper\">\n\t\t\t\t\t\t\t\t\t<span class=\"elementor-button-text\">Set up a meeting with us<\/span>\n\t\t\t\t\t<\/span>\n\t\t\t\t\t<\/a>\n\t\t\t\t<\/div>\n\t\t\t\t\t\t\t\t<\/div>\n\t\t\t\t<\/div>\n\t\t            <\/div>\r\n        <\/div>\r\n        \t\t\t<\/div>\n\t\t<\/section>\n\t\t\t\t<\/div>","protected":false},"excerpt":{"rendered":"<p>A PowerUP actua sob 4 pilares: Educar, Medir, Desenvolver e Impactar, com diferentes servi\u00e7os concebidos para inspirar a o auto conhecimento, avaliar as compet\u00eancias humanas essenciais, ativar e refor\u00e7ar o seu desenvolvimento e acompanhar o progresso mensur\u00e1vel &#8211; impulsionando assim a fideliza\u00e7\u00e3o de talentos, a produtividade e o sucesso organizacional a longo prazo. Temos diferentes [&hellip;]<\/p>","protected":false},"author":1,"featured_media":0,"parent":0,"menu_order":0,"comment_status":"closed","ping_status":"closed","template":"","meta":{"footnotes":""},"class_list":["post-7003","page","type-page","status-publish","hentry"],"yoast_head":"<!-- This site is optimized with the Yoast SEO plugin v26.5 - https:\/\/yoast.com\/wordpress\/plugins\/seo\/ -->\n<title>A jornada completa - Power Up<\/title>\n<meta name=\"description\" content=\"A PowerUP actua sob 4 pilares: Educar, Medir, Desenvolver e Impactar, com diferentes servi\u00e7os concebidos para inspirar a o auto conhecimento.\" \/>\n<meta name=\"robots\" content=\"index, follow, max-snippet:-1, max-image-preview:large, max-video-preview:-1\" \/>\n<link rel=\"canonical\" href=\"https:\/\/power-up.pt\/en\/a-jornada-completa\/\" \/>\n<meta property=\"og:locale\" content=\"en_US\" \/>\n<meta property=\"og:type\" content=\"article\" \/>\n<meta property=\"og:title\" content=\"A jornada completa - Power Up\" \/>\n<meta property=\"og:description\" content=\"A PowerUP actua sob 4 pilares: Educar, Medir, Desenvolver e Impactar, com diferentes servi\u00e7os concebidos para inspirar a o auto conhecimento.\" \/>\n<meta property=\"og:url\" content=\"https:\/\/power-up.pt\/en\/a-jornada-completa\/\" \/>\n<meta property=\"og:site_name\" content=\"Power Up\" \/>\n<meta property=\"article:modified_time\" content=\"2025-03-19T11:18:48+00:00\" \/>\n<meta property=\"og:image\" content=\"https:\/\/power-up.pt\/wp-content\/uploads\/2025\/03\/Jornada-completa-fig-PT.jpg\" \/>\n<meta name=\"twitter:card\" content=\"summary_large_image\" \/>\n<meta name=\"twitter:label1\" content=\"Est. reading time\" \/>\n\t<meta name=\"twitter:data1\" content=\"1 minute\" \/>\n<script type=\"application\/ld+json\" class=\"yoast-schema-graph\">{\"@context\":\"https:\/\/schema.org\",\"@graph\":[{\"@type\":\"WebPage\",\"@id\":\"https:\/\/power-up.pt\/a-jornada-completa\/\",\"url\":\"https:\/\/power-up.pt\/a-jornada-completa\/\",\"name\":\"A jornada completa - Power Up\",\"isPartOf\":{\"@id\":\"https:\/\/power-up.pt\/#website\"},\"primaryImageOfPage\":{\"@id\":\"https:\/\/power-up.pt\/a-jornada-completa\/#primaryimage\"},\"image\":{\"@id\":\"https:\/\/power-up.pt\/a-jornada-completa\/#primaryimage\"},\"thumbnailUrl\":\"https:\/\/power-up.pt\/wp-content\/uploads\/2025\/03\/Jornada-completa-fig-PT.jpg\",\"datePublished\":\"2025-03-15T21:15:06+00:00\",\"dateModified\":\"2025-03-19T11:18:48+00:00\",\"description\":\"A PowerUP actua sob 4 pilares: Educar, Medir, Desenvolver e Impactar, com diferentes servi\u00e7os concebidos para inspirar a o auto conhecimento.\",\"breadcrumb\":{\"@id\":\"https:\/\/power-up.pt\/a-jornada-completa\/#breadcrumb\"},\"inLanguage\":\"en-US\",\"potentialAction\":[{\"@type\":\"ReadAction\",\"target\":[\"https:\/\/power-up.pt\/a-jornada-completa\/\"]}]},{\"@type\":\"ImageObject\",\"inLanguage\":\"en-US\",\"@id\":\"https:\/\/power-up.pt\/a-jornada-completa\/#primaryimage\",\"url\":\"https:\/\/power-up.pt\/wp-content\/uploads\/2025\/03\/Jornada-completa-fig-PT.jpg\",\"contentUrl\":\"https:\/\/power-up.pt\/wp-content\/uploads\/2025\/03\/Jornada-completa-fig-PT.jpg\"},{\"@type\":\"BreadcrumbList\",\"@id\":\"https:\/\/power-up.pt\/a-jornada-completa\/#breadcrumb\",\"itemListElement\":[{\"@type\":\"ListItem\",\"position\":1,\"name\":\"Home\",\"item\":\"https:\/\/power-up.pt\/\"},{\"@type\":\"ListItem\",\"position\":2,\"name\":\"A jornada completa\"}]},{\"@type\":\"WebSite\",\"@id\":\"https:\/\/power-up.pt\/#website\",\"url\":\"https:\/\/power-up.pt\/\",\"name\":\"Power Up\",\"description\":\"Empowering People Elevating Organizations\",\"publisher\":{\"@id\":\"https:\/\/power-up.pt\/#organization\"},\"potentialAction\":[{\"@type\":\"SearchAction\",\"target\":{\"@type\":\"EntryPoint\",\"urlTemplate\":\"https:\/\/power-up.pt\/?s={search_term_string}\"},\"query-input\":{\"@type\":\"PropertyValueSpecification\",\"valueRequired\":true,\"valueName\":\"search_term_string\"}}],\"inLanguage\":\"en-US\"},{\"@type\":\"Organization\",\"@id\":\"https:\/\/power-up.pt\/#organization\",\"name\":\"Power Up\",\"url\":\"https:\/\/power-up.pt\/\",\"logo\":{\"@type\":\"ImageObject\",\"inLanguage\":\"en-US\",\"@id\":\"https:\/\/power-up.pt\/#\/schema\/logo\/image\/\",\"url\":\"https:\/\/power-up.pt\/wp-content\/uploads\/2025\/03\/cropped-poweruppeople_logo.jpg\",\"contentUrl\":\"https:\/\/power-up.pt\/wp-content\/uploads\/2025\/03\/cropped-poweruppeople_logo.jpg\",\"width\":200,\"height\":200,\"caption\":\"Power Up\"},\"image\":{\"@id\":\"https:\/\/power-up.pt\/#\/schema\/logo\/image\/\"}}]}<\/script>\n<!-- \/ Yoast SEO plugin. -->","yoast_head_json":{"title":"A jornada completa - Power Up","description":"A PowerUP actua sob 4 pilares: Educar, Medir, Desenvolver e Impactar, com diferentes servi\u00e7os concebidos para inspirar a o auto conhecimento.","robots":{"index":"index","follow":"follow","max-snippet":"max-snippet:-1","max-image-preview":"max-image-preview:large","max-video-preview":"max-video-preview:-1"},"canonical":"https:\/\/power-up.pt\/en\/a-jornada-completa\/","og_locale":"en_US","og_type":"article","og_title":"A jornada completa - Power Up","og_description":"A PowerUP actua sob 4 pilares: Educar, Medir, Desenvolver e Impactar, com diferentes servi\u00e7os concebidos para inspirar a o auto conhecimento.","og_url":"https:\/\/power-up.pt\/en\/a-jornada-completa\/","og_site_name":"Power Up","article_modified_time":"2025-03-19T11:18:48+00:00","og_image":[{"url":"https:\/\/power-up.pt\/wp-content\/uploads\/2025\/03\/Jornada-completa-fig-PT.jpg","type":"","width":"","height":""}],"twitter_card":"summary_large_image","twitter_misc":{"Est. reading time":"1 minute"},"schema":{"@context":"https:\/\/schema.org","@graph":[{"@type":"WebPage","@id":"https:\/\/power-up.pt\/a-jornada-completa\/","url":"https:\/\/power-up.pt\/a-jornada-completa\/","name":"A jornada completa - Power Up","isPartOf":{"@id":"https:\/\/power-up.pt\/#website"},"primaryImageOfPage":{"@id":"https:\/\/power-up.pt\/a-jornada-completa\/#primaryimage"},"image":{"@id":"https:\/\/power-up.pt\/a-jornada-completa\/#primaryimage"},"thumbnailUrl":"https:\/\/power-up.pt\/wp-content\/uploads\/2025\/03\/Jornada-completa-fig-PT.jpg","datePublished":"2025-03-15T21:15:06+00:00","dateModified":"2025-03-19T11:18:48+00:00","description":"A PowerUP actua sob 4 pilares: Educar, Medir, Desenvolver e Impactar, com diferentes servi\u00e7os concebidos para inspirar a o auto conhecimento.","breadcrumb":{"@id":"https:\/\/power-up.pt\/a-jornada-completa\/#breadcrumb"},"inLanguage":"en-US","potentialAction":[{"@type":"ReadAction","target":["https:\/\/power-up.pt\/a-jornada-completa\/"]}]},{"@type":"ImageObject","inLanguage":"en-US","@id":"https:\/\/power-up.pt\/a-jornada-completa\/#primaryimage","url":"https:\/\/power-up.pt\/wp-content\/uploads\/2025\/03\/Jornada-completa-fig-PT.jpg","contentUrl":"https:\/\/power-up.pt\/wp-content\/uploads\/2025\/03\/Jornada-completa-fig-PT.jpg"},{"@type":"BreadcrumbList","@id":"https:\/\/power-up.pt\/a-jornada-completa\/#breadcrumb","itemListElement":[{"@type":"ListItem","position":1,"name":"Home","item":"https:\/\/power-up.pt\/"},{"@type":"ListItem","position":2,"name":"A jornada completa"}]},{"@type":"WebSite","@id":"https:\/\/power-up.pt\/#website","url":"https:\/\/power-up.pt\/","name":"Power Up","description":"Empowering People Elevating Organizations","publisher":{"@id":"https:\/\/power-up.pt\/#organization"},"potentialAction":[{"@type":"SearchAction","target":{"@type":"EntryPoint","urlTemplate":"https:\/\/power-up.pt\/?s={search_term_string}"},"query-input":{"@type":"PropertyValueSpecification","valueRequired":true,"valueName":"search_term_string"}}],"inLanguage":"en-US"},{"@type":"Organization","@id":"https:\/\/power-up.pt\/#organization","name":"Power Up","url":"https:\/\/power-up.pt\/","logo":{"@type":"ImageObject","inLanguage":"en-US","@id":"https:\/\/power-up.pt\/#\/schema\/logo\/image\/","url":"https:\/\/power-up.pt\/wp-content\/uploads\/2025\/03\/cropped-poweruppeople_logo.jpg","contentUrl":"https:\/\/power-up.pt\/wp-content\/uploads\/2025\/03\/cropped-poweruppeople_logo.jpg","width":200,"height":200,"caption":"Power Up"},"image":{"@id":"https:\/\/power-up.pt\/#\/schema\/logo\/image\/"}}]}},"_links":{"self":[{"href":"https:\/\/power-up.pt\/en\/wp-json\/wp\/v2\/pages\/7003","targetHints":{"allow":["GET"]}}],"collection":[{"href":"https:\/\/power-up.pt\/en\/wp-json\/wp\/v2\/pages"}],"about":[{"href":"https:\/\/power-up.pt\/en\/wp-json\/wp\/v2\/types\/page"}],"author":[{"embeddable":true,"href":"https:\/\/power-up.pt\/en\/wp-json\/wp\/v2\/users\/1"}],"replies":[{"embeddable":true,"href":"https:\/\/power-up.pt\/en\/wp-json\/wp\/v2\/comments?post=7003"}],"version-history":[{"count":37,"href":"https:\/\/power-up.pt\/en\/wp-json\/wp\/v2\/pages\/7003\/revisions"}],"predecessor-version":[{"id":7966,"href":"https:\/\/power-up.pt\/en\/wp-json\/wp\/v2\/pages\/7003\/revisions\/7966"}],"wp:attachment":[{"href":"https:\/\/power-up.pt\/en\/wp-json\/wp\/v2\/media?parent=7003"}],"curies":[{"name":"wp","href":"https:\/\/api.w.org\/{rel}","templated":true}]}}