{"id":7607,"date":"2025-03-18T12:39:33","date_gmt":"2025-03-18T12:39:33","guid":{"rendered":"https:\/\/power-up.pt\/?page_id=7607"},"modified":"2025-03-18T15:06:34","modified_gmt":"2025-03-18T15:06:34","slug":"filipa-lemos-cristina","status":"publish","type":"page","link":"https:\/\/power-up.pt\/en\/filipa-lemos-cristina\/","title":{"rendered":"Filipa Lemos Cristina"},"content":{"rendered":"<div data-elementor-type=\"wp-page\" data-elementor-id=\"7607\" class=\"elementor elementor-7607\">\n\t\t\t\t        <section class=\"elementor-section elementor-top-section elementor-element elementor-element-5547b9a elementor-section-stretched pxl-row-scroll-fixed elementor-section-boxed elementor-section-height-default elementor-section-height-default pxl-bg-color-none pxl-section-overlay-none\" data-id=\"5547b9a\" data-element_type=\"section\" data-settings=\"{&quot;stretch_section&quot;:&quot;section-stretched&quot;}\">\n\n                \n                <div class=\"elementor-container elementor-column-gap-extended\">\n                <div class=\"elementor-column elementor-col-50 elementor-top-column elementor-element elementor-element-c9fca91 pxl-column-sticky pxl-column-overflow-hidden-no\" data-id=\"c9fca91\" data-element_type=\"column\">\r\n        <div class=\"elementor-widget-wrap elementor-element-populated\">\r\n                     \r\n        \t\t<div class=\"elementor-element elementor-element-612c0aa elementor-widget elementor-widget-pxl_image\" data-id=\"612c0aa\" data-element_type=\"widget\" data-widget_type=\"pxl_image.default\">\n\t\t\t\t<div class=\"elementor-widget-container\">\n\t\t\t\t\t<div id=\"pxl_image-612c0aa-6483\" class=\"pxl-image-single pxl-disable-parallax-sm\" data-wow-delay=\"ms\"  >\r\n    <div class=\"pxl-item--inner\" data-wow-delay=\"120ms\">\r\n        \r\n                                <div class=\"pxl-item--image\" data-parallax-value=\"\">\r\n                                                     <img fetchpriority=\"high\" decoding=\"async\" width=\"763\" height=\"763\" src=\"https:\/\/power-up.pt\/wp-content\/uploads\/2025\/03\/1731434239942-e1742302435572.jpg\" class=\"no-lazyload attachment-full\" alt=\"Filipa Lemos Power Up\" \/>                                            <\/div>\r\n                            \r\n            <\/div>\r\n<\/div>\t\t\t\t<\/div>\n\t\t\t\t<\/div>\n\t\t            <\/div>\r\n        <\/div>\r\n                <div class=\"elementor-column elementor-col-50 elementor-top-column elementor-element elementor-element-9b01394 pxl-column-none pxl-column-overflow-hidden-no\" data-id=\"9b01394\" data-element_type=\"column\">\r\n        <div class=\"elementor-widget-wrap elementor-element-populated\">\r\n                     \r\n        \t\t<div class=\"elementor-element elementor-element-a0b121e elementor-widget elementor-widget-pxl_text_editor\" data-id=\"a0b121e\" data-element_type=\"widget\" data-widget_type=\"pxl_text_editor.default\">\n\t\t\t\t<div class=\"elementor-widget-container\">\n\t\t\t\t\t<div id=\"pxl_text_editor-a0b121e-8327\" class=\"pxl-image-wg\" duration=\"1\">\n\t<div class=\"pxl-text-editor\">\n\t\t<div class=\"pxl-item--inner\" data-wow-delay=\"ms\">\n\t\t\t<p>Filipa Lemos Cristina<\/p>\t\t\n\t\t<\/div>\n\t<\/div>\n<\/div>\t\t\t\t<\/div>\n\t\t\t\t<\/div>\n\t\t\t\t<div class=\"elementor-element elementor-element-8e69620 elementor-widget elementor-widget-pxl_text_editor\" data-id=\"8e69620\" data-element_type=\"widget\" data-widget_type=\"pxl_text_editor.default\">\n\t\t\t\t<div class=\"elementor-widget-container\">\n\t\t\t\t\t<div id=\"pxl_text_editor-8e69620-6942\" class=\"pxl-image-wg\" duration=\"1\">\n\t<div class=\"pxl-text-editor\">\n\t\t<div class=\"pxl-item--inner\" data-wow-delay=\"ms\">\n\t\t\t<p>Founder &amp; Chief<br \/>Human Officer<\/p>\t\t\n\t\t<\/div>\n\t<\/div>\n<\/div>\t\t\t\t<\/div>\n\t\t\t\t<\/div>\n\t\t\t\t<div class=\"elementor-element elementor-element-a522539 elementor-widget elementor-widget-pxl_text_editor\" data-id=\"a522539\" data-element_type=\"widget\" data-widget_type=\"pxl_text_editor.default\">\n\t\t\t\t<div class=\"elementor-widget-container\">\n\t\t\t\t\t<div id=\"pxl_text_editor-a522539-5616\" class=\"pxl-image-wg\" duration=\"1\">\n\t<div class=\"pxl-text-editor\">\n\t\t<div class=\"pxl-item--inner\" data-wow-delay=\"ms\">\n\t\t\t<p class=\"translation-block\">With a clear mission to transform the way organisations develop and sustain human skills, <b>Filipa Lemos Cristina is the founder and CHO of PowerUP.<\/b> Her innovative approach combines science, technology and active learning to help companies strengthen their teams and ensure a more sustainable future.<\/p><p class=\"translation-block\">With a scientific degree in Biology (University of Lisbon) and postgraduate qualifications in Marketing, Medical Affairs and Neurosciences, <b>Filipa has a diverse background, from scientific research to the corporate world and even start-ups, where she worked for more than 20 years in multinationals and international projects.<\/b> Her experience has allowed her to realise that the real driving force behind organisations is not just technology, but essential human skills in people, such as collaboration, critical thinking, empathy, creativity and communication, in order to achieve talent loyalty, productivity and results.<\/p>\t\t\n\t\t<\/div>\n\t<\/div>\n<\/div>\t\t\t\t<\/div>\n\t\t\t\t<\/div>\n\t\t\t\t<div class=\"elementor-element elementor-element-ecb7906 elementor-widget elementor-widget-pxl_text_editor\" data-id=\"ecb7906\" data-element_type=\"widget\" data-widget_type=\"pxl_text_editor.default\">\n\t\t\t\t<div class=\"elementor-widget-container\">\n\t\t\t\t\t<div id=\"pxl_text_editor-ecb7906-9212\" class=\"pxl-image-wg\" duration=\"1\">\n\t<div class=\"pxl-text-editor\">\n\t\t<div class=\"pxl-item--inner\" data-wow-delay=\"ms\">\n\t\t\t<p><span style=\"font-weight: 400\">Motherhood was a turning point in her career, leading her to reflect deeply. She realised that, in order to build truly sustainable organisations, it was essential to put people at the heart of decision-making and ensure that their human skills were continuously developed.\u00a0<\/span><\/p><p class=\"translation-block\"><b>At PowerUP, Filipa has developed innovative methodologies, helping companies to measure and activate these human skills in a sustainable way.<\/b> Her vision is aligned with the challenges of the future of work, integrating strategies based on neurolearning and organisational culture.\n\n\n<p>Her work involves strategic partnerships with business leaders, HR and decision-makers, helping to build more resilient, adaptable and innovative teams. Filipa believes that human development is the differentiating factor for organisations that want to thrive in a constantly evolving world. Through PowerUP, she is redefining the impact of human competences on companies, ensuring that they become a strategic priority for sustainable growth.<\/p><\/p>\t\t\n\t\t<\/div>\n\t<\/div>\n<\/div>\t\t\t\t<\/div>\n\t\t\t\t<\/div>\n\t\t\t\t<div class=\"elementor-element elementor-element-f0351e1 elementor-widget elementor-widget-pxl_text_editor\" data-id=\"f0351e1\" data-element_type=\"widget\" data-widget_type=\"pxl_text_editor.default\">\n\t\t\t\t<div class=\"elementor-widget-container\">\n\t\t\t\t\t<div id=\"pxl_text_editor-f0351e1-7605\" class=\"pxl-image-wg\" duration=\"1\">\n\t<div class=\"pxl-text-editor\">\n\t\t<div class=\"pxl-item--inner\" data-wow-delay=\"ms\">\n\t\t\t\t\t\n\t\t<\/div>\n\t<\/div>\n<\/div>\t\t\t\t<\/div>\n\t\t\t\t<\/div>\n\t\t            <\/div>\r\n        <\/div>\r\n        \t\t\t<\/div>\n\t\t<\/section>\n\t\t        <section class=\"elementor-section elementor-top-section elementor-element elementor-element-4c537131 elementor-section-stretched elementor-section-boxed elementor-section-height-default elementor-section-height-default pxl-row-scroll-none pxl-bg-color-none pxl-section-overlay-none\" data-id=\"4c537131\" data-element_type=\"section\" data-settings=\"{&quot;stretch_section&quot;:&quot;section-stretched&quot;,&quot;background_background&quot;:&quot;classic&quot;}\">\n\n                            <div class=\"elementor-background-overlay\"><\/div>\n            \n                <div class=\"elementor-container elementor-column-gap-extended\">\n                <div class=\"elementor-column elementor-col-100 elementor-top-column elementor-element elementor-element-4c049498 pxl-column-none pxl-column-overflow-hidden-no\" data-id=\"4c049498\" data-element_type=\"column\">\r\n        <div class=\"elementor-widget-wrap elementor-element-populated\">\r\n                     \r\n        \t\t<div class=\"elementor-element elementor-element-6b4f4939 elementor-invisible elementor-widget elementor-widget-pxl_text_editor\" data-id=\"6b4f4939\" data-element_type=\"widget\" data-settings=\"{&quot;_animation&quot;:&quot;fadeIn&quot;}\" data-widget_type=\"pxl_text_editor.default\">\n\t\t\t\t<div class=\"elementor-widget-container\">\n\t\t\t\t\t<div id=\"pxl_text_editor-6b4f4939-1559\" class=\"pxl-image-wg\" duration=\"1\">\n\t<div class=\"pxl-text-editor\">\n\t\t<div class=\"pxl-item--inner\" data-wow-delay=\"ms\">\n\t\t\t<p>Let\u2019s powerUP together, shall we?<\/p>\t\t\n\t\t<\/div>\n\t<\/div>\n<\/div>\t\t\t\t<\/div>\n\t\t\t\t<\/div>\n\t\t\t\t<div class=\"elementor-element elementor-element-1f9aa172 elementor-align-center elementor-invisible elementor-widget elementor-widget-button\" data-id=\"1f9aa172\" data-element_type=\"widget\" data-settings=\"{&quot;_animation&quot;:&quot;fadeInLeft&quot;}\" data-widget_type=\"button.default\">\n\t\t\t\t<div class=\"elementor-widget-container\">\n\t\t\t\t\t\t\t\t\t<div class=\"elementor-button-wrapper\">\n\t\t\t\t\t<a class=\"elementor-button elementor-button-link elementor-size-sm elementor-animation-grow\" href=\"https:\/\/power-up.pt\/en\/contactos\/\">\n\t\t\t\t\t\t<span class=\"elementor-button-content-wrapper\">\n\t\t\t\t\t\t\t\t\t<span class=\"elementor-button-text\">Set up a meeting with us<\/span>\n\t\t\t\t\t<\/span>\n\t\t\t\t\t<\/a>\n\t\t\t\t<\/div>\n\t\t\t\t\t\t\t\t<\/div>\n\t\t\t\t<\/div>\n\t\t            <\/div>\r\n        <\/div>\r\n        \t\t\t<\/div>\n\t\t<\/section>\n\t\t\t\t<\/div>","protected":false},"excerpt":{"rendered":"<p>Filipa Lemos Cristina Fundadora &amp; ChiefHuman Officer Com uma miss\u00e3o clara de transformar a forma como as organiza\u00e7\u00f5es desenvolvem e sustentam compet\u00eancias humanas, a Filipa Lemos Cristina \u00e9 a fundadora e CHO da PowerUP. A sua abordagem inovadora combina ci\u00eancia, tecnologia e aprendizagem ativa para ajudar empresas a fortalecerem as suas equipas e a garantirem [&hellip;]<\/p>","protected":false},"author":1,"featured_media":0,"parent":0,"menu_order":0,"comment_status":"closed","ping_status":"closed","template":"","meta":{"footnotes":""},"class_list":["post-7607","page","type-page","status-publish","hentry"],"yoast_head":"<!-- This site is optimized with the Yoast SEO plugin v26.5 - https:\/\/yoast.com\/wordpress\/plugins\/seo\/ -->\n<title>Filipa Lemos Cristina - Power Up<\/title>\n<meta name=\"description\" content=\"Com uma miss\u00e3o clara de transformar a forma como as organiza\u00e7\u00f5es desenvolvem e sustentam compet\u00eancias humanas \u00e9 a fundadora e CHO da PowerUP.\" \/>\n<meta name=\"robots\" content=\"index, follow, max-snippet:-1, max-image-preview:large, max-video-preview:-1\" \/>\n<link rel=\"canonical\" href=\"https:\/\/power-up.pt\/en\/filipa-lemos-cristina\/\" \/>\n<meta property=\"og:locale\" content=\"en_US\" \/>\n<meta property=\"og:type\" content=\"article\" \/>\n<meta property=\"og:title\" content=\"Filipa Lemos Cristina - Power Up\" \/>\n<meta property=\"og:description\" content=\"Com uma miss\u00e3o clara de transformar a forma como as organiza\u00e7\u00f5es desenvolvem e sustentam compet\u00eancias humanas \u00e9 a fundadora e CHO da PowerUP.\" \/>\n<meta property=\"og:url\" content=\"https:\/\/power-up.pt\/en\/filipa-lemos-cristina\/\" \/>\n<meta property=\"og:site_name\" content=\"Power Up\" \/>\n<meta property=\"article:modified_time\" content=\"2025-03-18T15:06:34+00:00\" \/>\n<meta property=\"og:image\" content=\"https:\/\/power-up.pt\/wp-content\/uploads\/2025\/03\/1731434239942-e1742302435572.jpg\" \/>\n<meta name=\"twitter:card\" content=\"summary_large_image\" \/>\n<meta name=\"twitter:label1\" content=\"Est. reading time\" \/>\n\t<meta name=\"twitter:data1\" content=\"2 minutes\" \/>\n<script type=\"application\/ld+json\" class=\"yoast-schema-graph\">{\"@context\":\"https:\/\/schema.org\",\"@graph\":[{\"@type\":\"WebPage\",\"@id\":\"https:\/\/power-up.pt\/filipa-lemos-cristina\/\",\"url\":\"https:\/\/power-up.pt\/filipa-lemos-cristina\/\",\"name\":\"Filipa Lemos Cristina - Power Up\",\"isPartOf\":{\"@id\":\"https:\/\/power-up.pt\/#website\"},\"primaryImageOfPage\":{\"@id\":\"https:\/\/power-up.pt\/filipa-lemos-cristina\/#primaryimage\"},\"image\":{\"@id\":\"https:\/\/power-up.pt\/filipa-lemos-cristina\/#primaryimage\"},\"thumbnailUrl\":\"https:\/\/power-up.pt\/wp-content\/uploads\/2025\/03\/1731434239942-e1742302435572.jpg\",\"datePublished\":\"2025-03-18T12:39:33+00:00\",\"dateModified\":\"2025-03-18T15:06:34+00:00\",\"description\":\"Com uma miss\u00e3o clara de transformar a forma como as organiza\u00e7\u00f5es desenvolvem e sustentam compet\u00eancias humanas \u00e9 a fundadora e CHO da PowerUP.\",\"breadcrumb\":{\"@id\":\"https:\/\/power-up.pt\/filipa-lemos-cristina\/#breadcrumb\"},\"inLanguage\":\"en-US\",\"potentialAction\":[{\"@type\":\"ReadAction\",\"target\":[\"https:\/\/power-up.pt\/filipa-lemos-cristina\/\"]}]},{\"@type\":\"ImageObject\",\"inLanguage\":\"en-US\",\"@id\":\"https:\/\/power-up.pt\/filipa-lemos-cristina\/#primaryimage\",\"url\":\"https:\/\/power-up.pt\/wp-content\/uploads\/2025\/03\/1731434239942-e1742302435572.jpg\",\"contentUrl\":\"https:\/\/power-up.pt\/wp-content\/uploads\/2025\/03\/1731434239942-e1742302435572.jpg\"},{\"@type\":\"BreadcrumbList\",\"@id\":\"https:\/\/power-up.pt\/filipa-lemos-cristina\/#breadcrumb\",\"itemListElement\":[{\"@type\":\"ListItem\",\"position\":1,\"name\":\"Home\",\"item\":\"https:\/\/power-up.pt\/\"},{\"@type\":\"ListItem\",\"position\":2,\"name\":\"Filipa Lemos Cristina\"}]},{\"@type\":\"WebSite\",\"@id\":\"https:\/\/power-up.pt\/#website\",\"url\":\"https:\/\/power-up.pt\/\",\"name\":\"Power Up\",\"description\":\"Empowering People Elevating Organizations\",\"publisher\":{\"@id\":\"https:\/\/power-up.pt\/#organization\"},\"potentialAction\":[{\"@type\":\"SearchAction\",\"target\":{\"@type\":\"EntryPoint\",\"urlTemplate\":\"https:\/\/power-up.pt\/?s={search_term_string}\"},\"query-input\":{\"@type\":\"PropertyValueSpecification\",\"valueRequired\":true,\"valueName\":\"search_term_string\"}}],\"inLanguage\":\"en-US\"},{\"@type\":\"Organization\",\"@id\":\"https:\/\/power-up.pt\/#organization\",\"name\":\"Power Up\",\"url\":\"https:\/\/power-up.pt\/\",\"logo\":{\"@type\":\"ImageObject\",\"inLanguage\":\"en-US\",\"@id\":\"https:\/\/power-up.pt\/#\/schema\/logo\/image\/\",\"url\":\"https:\/\/power-up.pt\/wp-content\/uploads\/2025\/03\/cropped-poweruppeople_logo.jpg\",\"contentUrl\":\"https:\/\/power-up.pt\/wp-content\/uploads\/2025\/03\/cropped-poweruppeople_logo.jpg\",\"width\":200,\"height\":200,\"caption\":\"Power Up\"},\"image\":{\"@id\":\"https:\/\/power-up.pt\/#\/schema\/logo\/image\/\"}}]}<\/script>\n<!-- \/ Yoast SEO plugin. -->","yoast_head_json":{"title":"Filipa Lemos Cristina - Power Up","description":"Com uma miss\u00e3o clara de transformar a forma como as organiza\u00e7\u00f5es desenvolvem e sustentam compet\u00eancias humanas \u00e9 a fundadora e CHO da PowerUP.","robots":{"index":"index","follow":"follow","max-snippet":"max-snippet:-1","max-image-preview":"max-image-preview:large","max-video-preview":"max-video-preview:-1"},"canonical":"https:\/\/power-up.pt\/en\/filipa-lemos-cristina\/","og_locale":"en_US","og_type":"article","og_title":"Filipa Lemos Cristina - Power Up","og_description":"Com uma miss\u00e3o clara de transformar a forma como as organiza\u00e7\u00f5es desenvolvem e sustentam compet\u00eancias humanas \u00e9 a fundadora e CHO da PowerUP.","og_url":"https:\/\/power-up.pt\/en\/filipa-lemos-cristina\/","og_site_name":"Power Up","article_modified_time":"2025-03-18T15:06:34+00:00","og_image":[{"url":"https:\/\/power-up.pt\/wp-content\/uploads\/2025\/03\/1731434239942-e1742302435572.jpg","type":"","width":"","height":""}],"twitter_card":"summary_large_image","twitter_misc":{"Est. reading time":"2 minutes"},"schema":{"@context":"https:\/\/schema.org","@graph":[{"@type":"WebPage","@id":"https:\/\/power-up.pt\/filipa-lemos-cristina\/","url":"https:\/\/power-up.pt\/filipa-lemos-cristina\/","name":"Filipa Lemos Cristina - Power Up","isPartOf":{"@id":"https:\/\/power-up.pt\/#website"},"primaryImageOfPage":{"@id":"https:\/\/power-up.pt\/filipa-lemos-cristina\/#primaryimage"},"image":{"@id":"https:\/\/power-up.pt\/filipa-lemos-cristina\/#primaryimage"},"thumbnailUrl":"https:\/\/power-up.pt\/wp-content\/uploads\/2025\/03\/1731434239942-e1742302435572.jpg","datePublished":"2025-03-18T12:39:33+00:00","dateModified":"2025-03-18T15:06:34+00:00","description":"Com uma miss\u00e3o clara de transformar a forma como as organiza\u00e7\u00f5es desenvolvem e sustentam compet\u00eancias humanas \u00e9 a fundadora e CHO da PowerUP.","breadcrumb":{"@id":"https:\/\/power-up.pt\/filipa-lemos-cristina\/#breadcrumb"},"inLanguage":"en-US","potentialAction":[{"@type":"ReadAction","target":["https:\/\/power-up.pt\/filipa-lemos-cristina\/"]}]},{"@type":"ImageObject","inLanguage":"en-US","@id":"https:\/\/power-up.pt\/filipa-lemos-cristina\/#primaryimage","url":"https:\/\/power-up.pt\/wp-content\/uploads\/2025\/03\/1731434239942-e1742302435572.jpg","contentUrl":"https:\/\/power-up.pt\/wp-content\/uploads\/2025\/03\/1731434239942-e1742302435572.jpg"},{"@type":"BreadcrumbList","@id":"https:\/\/power-up.pt\/filipa-lemos-cristina\/#breadcrumb","itemListElement":[{"@type":"ListItem","position":1,"name":"Home","item":"https:\/\/power-up.pt\/"},{"@type":"ListItem","position":2,"name":"Filipa Lemos Cristina"}]},{"@type":"WebSite","@id":"https:\/\/power-up.pt\/#website","url":"https:\/\/power-up.pt\/","name":"Power Up","description":"Empowering People Elevating Organizations","publisher":{"@id":"https:\/\/power-up.pt\/#organization"},"potentialAction":[{"@type":"SearchAction","target":{"@type":"EntryPoint","urlTemplate":"https:\/\/power-up.pt\/?s={search_term_string}"},"query-input":{"@type":"PropertyValueSpecification","valueRequired":true,"valueName":"search_term_string"}}],"inLanguage":"en-US"},{"@type":"Organization","@id":"https:\/\/power-up.pt\/#organization","name":"Power Up","url":"https:\/\/power-up.pt\/","logo":{"@type":"ImageObject","inLanguage":"en-US","@id":"https:\/\/power-up.pt\/#\/schema\/logo\/image\/","url":"https:\/\/power-up.pt\/wp-content\/uploads\/2025\/03\/cropped-poweruppeople_logo.jpg","contentUrl":"https:\/\/power-up.pt\/wp-content\/uploads\/2025\/03\/cropped-poweruppeople_logo.jpg","width":200,"height":200,"caption":"Power Up"},"image":{"@id":"https:\/\/power-up.pt\/#\/schema\/logo\/image\/"}}]}},"_links":{"self":[{"href":"https:\/\/power-up.pt\/en\/wp-json\/wp\/v2\/pages\/7607","targetHints":{"allow":["GET"]}}],"collection":[{"href":"https:\/\/power-up.pt\/en\/wp-json\/wp\/v2\/pages"}],"about":[{"href":"https:\/\/power-up.pt\/en\/wp-json\/wp\/v2\/types\/page"}],"author":[{"embeddable":true,"href":"https:\/\/power-up.pt\/en\/wp-json\/wp\/v2\/users\/1"}],"replies":[{"embeddable":true,"href":"https:\/\/power-up.pt\/en\/wp-json\/wp\/v2\/comments?post=7607"}],"version-history":[{"count":10,"href":"https:\/\/power-up.pt\/en\/wp-json\/wp\/v2\/pages\/7607\/revisions"}],"predecessor-version":[{"id":7637,"href":"https:\/\/power-up.pt\/en\/wp-json\/wp\/v2\/pages\/7607\/revisions\/7637"}],"wp:attachment":[{"href":"https:\/\/power-up.pt\/en\/wp-json\/wp\/v2\/media?parent=7607"}],"curies":[{"name":"wp","href":"https:\/\/api.w.org\/{rel}","templated":true}]}}